{"id":456,"date":"2020-08-04T07:21:48","date_gmt":"2020-08-04T00:21:48","guid":{"rendered":"https:\/\/vienovo.southteam.co\/?page_id=456"},"modified":"2026-03-24T11:31:39","modified_gmt":"2026-03-24T04:31:39","slug":"lien-he","status":"publish","type":"page","link":"https:\/\/vienovo.com.vn\/vi\/lien-he\/","title":{"rendered":"Li\u00ean h\u1ec7"},"content":{"rendered":"<div class=\"wpb-content-wrapper\"><p>[vc_row css=&#8221;.vc_custom_1559548963532{padding-bottom: 35px !important;}&#8221;][vc_column width=&#8221;7\/12&#8243; css=&#8221;.vc_custom_1530458307049{padding-top: 35px !important;padding-right: 15px !important;padding-bottom: 35px !important;padding-left: 15px !important;background-color: #f5f6f6 !important;}&#8221;][vc_custom_heading text=&#8221;Form li\u00ean h\u1ec7&#8221; use_theme_fonts=&#8221;yes&#8221; el_class=&#8221;text-uppercase text-primary mb-0 strong&#8221;]<div class=\"wt-separator-outer \">\n\t<div class=\"wt-separator style-square\">\n\t\t<span class=\"separator-left bg-primary\"><\/span>\n\t\t<span class=\"separator-right bg-primary\"><\/span>\n\t<\/div>\n<\/div>\n[vc_empty_space height=&#8221;10px&#8221;]\n<div class=\"wpcf7 no-js\" id=\"wpcf7-f5-o1\" lang=\"vi\" dir=\"ltr\" data-wpcf7-id=\"5\">\n<div class=\"screen-reader-response\"><p role=\"status\" aria-live=\"polite\" aria-atomic=\"true\"><\/p> <ul><\/ul><\/div>\n<form action=\"\/vi\/wp-json\/wp\/v2\/pages\/456#wpcf7-f5-o1\" method=\"post\" class=\"wpcf7-form init\" aria-label=\"Contact form\" novalidate=\"novalidate\" data-status=\"init\">\n<fieldset class=\"hidden-fields-container\"><input type=\"hidden\" name=\"_wpcf7\" value=\"5\" \/><input type=\"hidden\" name=\"_wpcf7_version\" value=\"6.1.5\" \/><input type=\"hidden\" name=\"_wpcf7_locale\" value=\"vi\" \/><input type=\"hidden\" name=\"_wpcf7_unit_tag\" value=\"wpcf7-f5-o1\" \/><input type=\"hidden\" name=\"_wpcf7_container_post\" value=\"0\" \/><input type=\"hidden\" name=\"_wpcf7_posted_data_hash\" value=\"\" \/>\n<\/fieldset>\n<div class=\"row\">\n\t<div class=\"col-md-6\">\n\t\t<p><span class=\"wpcf7-form-control-wrap\" data-name=\"your-name\"><input size=\"40\" maxlength=\"400\" class=\"wpcf7-form-control wpcf7-text wpcf7-validates-as-required rounded-0 mb-3 p-2\" aria-required=\"true\" aria-invalid=\"false\" placeholder=\"H\u1ecd v\u00e0 t\u00ean\" value=\"\" type=\"text\" name=\"your-name\" \/><\/span>\n\t\t<\/p>\n\t<\/div>\n\t<div class=\"col-md-6\">\n\t\t<p><span class=\"wpcf7-form-control-wrap\" data-name=\"your-email\"><input size=\"40\" maxlength=\"400\" class=\"wpcf7-form-control wpcf7-email wpcf7-validates-as-required wpcf7-text wpcf7-validates-as-email rounded-0 mb-3 p-2\" aria-required=\"true\" aria-invalid=\"false\" placeholder=\"Email\" value=\"\" type=\"email\" name=\"your-email\" \/><\/span>\n\t\t<\/p>\n\t<\/div>\n\t<div class=\"col-md-6\">\n\t\t<p><span class=\"wpcf7-form-control-wrap\" data-name=\"tel-822\"><input size=\"40\" maxlength=\"400\" class=\"wpcf7-form-control wpcf7-tel wpcf7-text wpcf7-validates-as-tel rounded-0 mb-3 p-2\" aria-invalid=\"false\" placeholder=\"S\u1ed1 \u0111i\u1ec7n tho\u1ea1i\" value=\"\" type=\"tel\" name=\"tel-822\" \/><\/span>\n\t\t<\/p>\n\t<\/div>\n\t<div class=\"col-md-6\">\n\t\t<p><span class=\"wpcf7-form-control-wrap\" data-name=\"your-subject\"><input size=\"40\" maxlength=\"400\" class=\"wpcf7-form-control wpcf7-text rounded-0 mb-3 p-2\" aria-invalid=\"false\" placeholder=\"Ch\u1ee7 \u0111\u1ec1\" value=\"\" type=\"text\" name=\"your-subject\" \/><\/span>\n\t\t<\/p>\n\t<\/div>\n\t<div class=\"col-12\">\n\t\t<p><span class=\"wpcf7-form-control-wrap\" data-name=\"your-message\"><textarea cols=\"10\" rows=\"4\" maxlength=\"2000\" class=\"wpcf7-form-control wpcf7-textarea rounded-0 mb-3 p-2\" aria-invalid=\"false\" placeholder=\"L\u1eddi nh\u1eafn\" name=\"your-message\"><\/textarea><\/span>\n\t\t<\/p>\n\t<\/div>\n\t<div class=\"col-lg-4\">\n\t\t<p><input class=\"wpcf7-form-control wpcf7-submit has-spinner btn btn-primary btn-block rounded-0\" type=\"submit\" value=\"G\u1eedi \u0111i\" \/>\n\t\t<\/p>\n\t<\/div>\n<\/div><div class=\"wpcf7-response-output\" aria-hidden=\"true\"><\/div>\n<\/form>\n<\/div>\n[\/vc_column][vc_column width=&#8221;5\/12&#8243; el_class=&#8221;contact-info&#8221;][vc_custom_heading text=&#8221;Th\u00f4ng tin li\u00ean h\u1ec7&#8221; use_theme_fonts=&#8221;yes&#8221; el_class=&#8221;text-uppercase text-primary mb-0 strong&#8221;]<div class=\"wt-separator-outer \">\n\t<div class=\"wt-separator style-square\">\n\t\t<span class=\"separator-left bg-primary\"><\/span>\n\t\t<span class=\"separator-right bg-primary\"><\/span>\n\t<\/div>\n<\/div>\n[vc_column_text el_class=&#8221;mb-1&#8243;]M\u1ecdi th\u1eafc m\u1eafc vui l\u00f2ng li\u00ean h\u1ec7 v\u1edbi ch\u00fang t\u00f4i theo th\u00f4ng tin sau:[\/vc_column_text][vc_empty_space height=&#8221;10px&#8221;]<div class=\"item mb-2 icon-title-2\">\n\t<div class=\"media align-items-center\"><i class=\"fa fa-2x fa fa-solid fa-arrow-right bg-primary\"><\/i>\n\t\t<div class=\"media-body\"> <h5 class=\"text-uppercase title mb-0\">V\u0103n Ph\u00f2ng:<\/h5>\n\t\t\t<p class=\"description text-justify m-0\">Showroom Keos Pet Food - 12 - 14 \u0110\u01b0\u1eddng s\u1ed1 1, Khu d\u00e2n c\u01b0 Ph\u00fa H\u1eefu, Ph\u01b0\u1eddng Long Tr\u01b0\u1eddng, Th\u1ee7 \u0110\u1ee9c, Th\u00e0nh ph\u1ed1 H\u1ed3 Ch\u00ed Minh<\/p>\n\t\t<\/div><\/div>\n<\/div>\n<div class=\"item mb-2 icon-title-2\">\n\t<div class=\"media align-items-center\"><i class=\"fa fa-2x fa fa-solid fa-arrow-right bg-primary\"><\/i>\n\t\t<div class=\"media-body\"> <h5 class=\"text-uppercase title mb-0\">Nh\u00e0 m\u00e1y:<\/h5>\n\t\t\t<p class=\"description text-justify m-0\">L\u00f4 s\u1ed1 2, \u0110\u01b0\u1eddng Tr\u1ee5c Ch\u00ednh, KCN Tr\u00e0 N\u00f3c 1, Ph\u01b0\u1eddng Th\u1edbi An<br \/>\n\u0110\u00f4ng, Th\u00e0nh Ph\u1ed1 C\u1ea7n Th\u01a1.<\/p>\n\t\t<\/div><\/div>\n<\/div>\n<div class=\"item mb-2 icon-title-2\">\n\t<div class=\"media align-items-center\"><i class=\"fa fa-2x fas fa-phone bg-primary\"><\/i>\n\t\t<div class=\"media-body\"> <h5 class=\"text-uppercase title mb-0\">Hotline:<\/h5>\n\t\t\t<p class=\"description text-justify m-0\">(+84) 02923744445<\/p>\n\t\t<\/div><\/div>\n<\/div>\n<div class=\"item mb-2 icon-title-2\">\n\t<div class=\"media align-items-center\"><i class=\"fa fa-2x fas fa-envelope bg-primary\"><\/i>\n\t\t<div class=\"media-body\"> <h5 class=\"text-uppercase title mb-0\">Email<\/h5>\n\t\t\t<p class=\"description text-justify m-0\">contact@vienovo.vn<\/p>\n\t\t<\/div><\/div>\n<\/div>\n[\/vc_column][\/vc_row][vc_row full_width=&#8221;stretch_row_content_no_spaces&#8221;][vc_column][vc_gmaps link=&#8221;#E-8_JTNDaWZyYW1lJTIwc3JjJTNEJTIyaHR0cHMlM0ElMkYlMkZ3d3cuZ29vZ2xlLmNvbSUyRm1hcHMlMkZlbWJlZCUzRnBiJTNEJTIxMW0xOCUyMTFtMTIlMjExbTMlMjExZDE1NzExLjg1ODA0MjMwNzU4JTIxMmQxMDUuNzAzMTI2NDIzOTc1NzYlMjEzZDEwLjEwMTk5MDc4NDQ5OTUyMiUyMTJtMyUyMTFmMCUyMTJmMCUyMTNmMCUyMTNtMiUyMTFpMTAyNCUyMTJpNzY4JTIxNGYxMy4xJTIxM20zJTIxMW0yJTIxMXMweDMxYTA4N2I0OTdkZjI5NmQlMjUzQTB4MTgzNTM0ODcwNzdmZDhjMiUyMTJ6UThPVVRrY2dWRmtnUS1HN2xDQlFTT0c2cGs0Z1ZrbEZUazlXVHlCV1NVVlVUa0ZOTENCTXc3UWdjLUc3a1NBeUxDREVrY2F3NGJ1ZGJtY2dkSExodTZWaklHTm93NjF1YUN3Z1MwTk9JRlJ5dzZBZ1RzT3pZeUF4TENCUWFNYXc0YnVkYm1jZ1ZITERvQ0JPdzdOaklGRjE0YnF0YmlCQ3c2eHVhQ0JVYU9HN3Aza3NJRlJvdzZCdWFDQlFhT0c3a1NCRDRicW5iaUJVYU1haElFUGh1cWR1SUZSb3hxRWdRMkZ1SUZSb2J5QkRhWFI1TENCVWNzT2dJRTdEczJNc0lFTERyRzVvSUZSbzRidW5lU3dnUS1HNnAyNGdWR2pHb1N3Z1Ztbmh1NGQwSUU1aGJRJTIxNWUwJTIxM20yJTIxMXN2aSUyMTJzJTIxNHYxNjcwMjI5OTgyMTc0JTIxNW0yJTIxMXN2aSUyMTJzJTIyJTIwd2lkdGglM0QlMjI2MDAlMjIlMjBoZWlnaHQlM0QlMjI0NTAlMjIlMjBzdHlsZSUzRCUyMmJvcmRlciUzQTAlM0IlMjIlMjBhbGxvd2Z1bGxzY3JlZW4lM0QlMjIlMjIlMjBsb2FkaW5nJTNEJTIybGF6eSUyMiUyMHJlZmVycmVycG9saWN5JTNEJTIybm8tcmVmZXJyZXItd2hlbi1kb3duZ3JhZGUlMjIlM0UlM0MlMkZpZnJhbWUlM0U=&#8221;][\/vc_column][\/vc_row]<\/p>\n<\/div>","protected":false},"excerpt":{"rendered":"<p>[vc_row css=&#8221;.vc_custom_1559548963532{padding-bottom: 35px !important;}&#8221;][vc_column width=&#8221;7\/12&#8243; css=&#8221;.vc_custom_1530458307049{padding-top: 35px !important;padding-right: 15px !important;padding-bottom: 35px !important;padding-left: 15px !important;background-color: #f5f6f6 !important;}&#8221;][vc_custom_heading text=&#8221;Form li\u00ean h\u1ec7&#8221; use_theme_fonts=&#8221;yes&#8221; el_class=&#8221;text-uppercase text-primary mb-0 strong&#8221;][vc_empty_space height=&#8221;10px&#8221;][\/vc_column][vc_column width=&#8221;5\/12&#8243; el_class=&#8221;contact-info&#8221;][vc_custom_heading text=&#8221;Th\u00f4ng tin li\u00ean h\u1ec7&#8221; use_theme_fonts=&#8221;yes&#8221; el_class=&#8221;text-uppercase text-primary mb-0 strong&#8221;][vc_column_text el_class=&#8221;mb-1&#8243;]M\u1ecdi th\u1eafc m\u1eafc vui l\u00f2ng li\u00ean h\u1ec7 v\u1edbi ch\u00fang t\u00f4i theo th\u00f4ng tin sau:[\/vc_column_text][vc_empty_space height=&#8221;10px&#8221;][\/vc_column][\/vc_row][vc_row full_width=&#8221;stretch_row_content_no_spaces&#8221;][vc_column][vc_gmaps link=&#8221;#E-8_JTNDaWZyYW1lJTIwc3JjJTNEJTIyaHR0cHMlM0ElMkYlMkZ3d3cuZ29vZ2xlLmNvbSUyRm1hcHMlMkZlbWJlZCUzRnBiJTNEJTIxMW0xOCUyMTFtMTIlMjExbTMlMjExZDE1NzExLjg1ODA0MjMwNzU4JTIxMmQxMDUuNzAzMTI2NDIzOTc1NzYlMjEzZDEwLjEwMTk5MDc4NDQ5OTUyMiUyMTJtMyUyMTFmMCUyMTJmMCUyMTNmMCUyMTNtMiUyMTFpMTAyNCUyMTJpNzY4JTIxNGYxMy4xJTIxM20zJTIxMW0yJTIxMXMweDMxYTA4N2I0OTdkZjI5NmQlMjUzQTB4MTgzNTM0ODcwNzdmZDhjMiUyMTJ6UThPVVRrY2dWRmtnUS1HN2xDQlFTT0c2cGs0Z1ZrbEZUazlXVHlCV1NVVlVUa0ZOTENCTXc3UWdjLUc3a1NBeUxDREVrY2F3NGJ1ZGJtY2dkSExodTZWaklHTm93NjF1YUN3Z1MwTk9JRlJ5dzZBZ1RzT3pZeUF4TENCUWFNYXc0YnVkYm1jZ1ZITERvQ0JPdzdOaklGRjE0YnF0YmlCQ3c2eHVhQ0JVYU9HN3Aza3NJRlJvdzZCdWFDQlFhT0c3a1NCRDRicW5iaUJVYU1haElFUGh1cWR1SUZSb3hxRWdRMkZ1SUZSb2J5QkRhWFI1TENCVWNzT2dJRTdEczJNc0lFTERyRzVvSUZSbzRidW5lU3dnUS1HNnAyNGdWR2pHb1N3Z1Ztbmh1NGQwSUU1aGJRJTIxNWUwJTIxM20yJTIxMXN2aSUyMTJzJTIxNHYxNjcwMjI5OTgyMTc0JTIxNW0yJTIxMXN2aSUyMTJzJTIyJTIwd2lkdGglM0QlMjI2MDAlMjIlMjBoZWlnaHQlM0QlMjI0NTAlMjIlMjBzdHlsZSUzRCUyMmJvcmRlciUzQTAlM0IlMjIlMjBhbGxvd2Z1bGxzY3JlZW4lM0QlMjIlMjIlMjBsb2FkaW5nJTNEJTIybGF6eSUyMiUyMHJlZmVycmVycG9saWN5JTNEJTIybm8tcmVmZXJyZXItd2hlbi1kb3duZ3JhZGUlMjIlM0UlM0MlMkZpZnJhbWUlM0U=&#8221;][\/vc_column][\/vc_row]<\/p>\n","protected":false},"author":1,"featured_media":0,"parent":0,"menu_order":0,"comment_status":"closed","ping_status":"closed","template":"page-templates\/fullwidthpage.php","meta":{"_acf_changed":false,"footnotes":""},"class_list":["post-456","page","type-page","status-publish","hentry"],"acf":[],"yoast_head":"<!-- This site is optimized with the Yoast SEO plugin v27.1.1 - https:\/\/yoast.com\/product\/yoast-seo-wordpress\/ -->\n<title>Li\u00ean h\u1ec7 - Vienovo Vietnam Inc<\/title>\n<meta name=\"robots\" content=\"index, follow, max-snippet:-1, max-image-preview:large, max-video-preview:-1\" \/>\n<link rel=\"canonical\" href=\"https:\/\/vienovo.com.vn\/vi\/lien-he\/\" \/>\n<meta property=\"og:locale\" content=\"vi_VN\" \/>\n<meta property=\"og:type\" content=\"article\" \/>\n<meta property=\"og:title\" content=\"Li\u00ean h\u1ec7 - Vienovo Vietnam Inc\" \/>\n<meta property=\"og:description\" content=\"[vc_row css=&#8221;.vc_custom_1559548963532{padding-bottom: 35px !important;}&#8221;][vc_column width=&#8221;7\/12&#8243; css=&#8221;.vc_custom_1530458307049{padding-top: 35px !important;padding-right: 15px !important;padding-bottom: 35px !important;padding-left: 15px !important;background-color: #f5f6f6 !important;}&#8221;][vc_custom_heading text=&#8221;Form li\u00ean h\u1ec7&#8221; use_theme_fonts=&#8221;yes&#8221; el_class=&#8221;text-uppercase text-primary mb-0 strong&#8221;][vc_empty_space height=&#8221;10px&#8221;][\/vc_column][vc_column width=&#8221;5\/12&#8243; el_class=&#8221;contact-info&#8221;][vc_custom_heading text=&#8221;Th\u00f4ng tin li\u00ean h\u1ec7&#8221; use_theme_fonts=&#8221;yes&#8221; el_class=&#8221;text-uppercase text-primary mb-0 strong&#8221;][vc_column_text el_class=&#8221;mb-1&#8243;]M\u1ecdi th\u1eafc m\u1eafc vui l\u00f2ng li\u00ean h\u1ec7 v\u1edbi ch\u00fang t\u00f4i theo th\u00f4ng tin sau:[\/vc_column_text][vc_empty_space height=&#8221;10px&#8221;][\/vc_column][\/vc_row][vc_row full_width=&#8221;stretch_row_content_no_spaces&#8221;][vc_column][vc_gmaps link=&#8221;#E-8_JTNDaWZyYW1lJTIwc3JjJTNEJTIyaHR0cHMlM0ElMkYlMkZ3d3cuZ29vZ2xlLmNvbSUyRm1hcHMlMkZlbWJlZCUzRnBiJTNEJTIxMW0xOCUyMTFtMTIlMjExbTMlMjExZDE1NzExLjg1ODA0MjMwNzU4JTIxMmQxMDUuNzAzMTI2NDIzOTc1NzYlMjEzZDEwLjEwMTk5MDc4NDQ5OTUyMiUyMTJtMyUyMTFmMCUyMTJmMCUyMTNmMCUyMTNtMiUyMTFpMTAyNCUyMTJpNzY4JTIxNGYxMy4xJTIxM20zJTIxMW0yJTIxMXMweDMxYTA4N2I0OTdkZjI5NmQlMjUzQTB4MTgzNTM0ODcwNzdmZDhjMiUyMTJ6UThPVVRrY2dWRmtnUS1HN2xDQlFTT0c2cGs0Z1ZrbEZUazlXVHlCV1NVVlVUa0ZOTENCTXc3UWdjLUc3a1NBeUxDREVrY2F3NGJ1ZGJtY2dkSExodTZWaklHTm93NjF1YUN3Z1MwTk9JRlJ5dzZBZ1RzT3pZeUF4TENCUWFNYXc0YnVkYm1jZ1ZITERvQ0JPdzdOaklGRjE0YnF0YmlCQ3c2eHVhQ0JVYU9HN3Aza3NJRlJvdzZCdWFDQlFhT0c3a1NCRDRicW5iaUJVYU1haElFUGh1cWR1SUZSb3hxRWdRMkZ1SUZSb2J5QkRhWFI1TENCVWNzT2dJRTdEczJNc0lFTERyRzVvSUZSbzRidW5lU3dnUS1HNnAyNGdWR2pHb1N3Z1Ztbmh1NGQwSUU1aGJRJTIxNWUwJTIxM20yJTIxMXN2aSUyMTJzJTIxNHYxNjcwMjI5OTgyMTc0JTIxNW0yJTIxMXN2aSUyMTJzJTIyJTIwd2lkdGglM0QlMjI2MDAlMjIlMjBoZWlnaHQlM0QlMjI0NTAlMjIlMjBzdHlsZSUzRCUyMmJvcmRlciUzQTAlM0IlMjIlMjBhbGxvd2Z1bGxzY3JlZW4lM0QlMjIlMjIlMjBsb2FkaW5nJTNEJTIybGF6eSUyMiUyMHJlZmVycmVycG9saWN5JTNEJTIybm8tcmVmZXJyZXItd2hlbi1kb3duZ3JhZGUlMjIlM0UlM0MlMkZpZnJhbWUlM0U=&#8221;][\/vc_column][\/vc_row]\" \/>\n<meta property=\"og:url\" content=\"https:\/\/vienovo.com.vn\/vi\/lien-he\/\" \/>\n<meta property=\"og:site_name\" content=\"Vienovo Vietnam Inc\" \/>\n<meta property=\"article:modified_time\" content=\"2026-03-24T04:31:39+00:00\" \/>\n<meta name=\"twitter:card\" content=\"summary_large_image\" \/>\n<meta name=\"twitter:label1\" content=\"Est. reading time\" \/>\n\t<meta name=\"twitter:data1\" content=\"1 minute\" \/>\n<script type=\"application\/ld+json\" class=\"yoast-schema-graph\">{\"@context\":\"https:\/\/schema.org\",\"@graph\":[{\"@type\":\"WebPage\",\"@id\":\"https:\/\/vienovo.com.vn\/vi\/lien-he\/\",\"url\":\"https:\/\/vienovo.com.vn\/vi\/lien-he\/\",\"name\":\"Li\u00ean h\u1ec7 - Vienovo Vietnam Inc\",\"isPartOf\":{\"@id\":\"https:\/\/vienovo.com.vn\/#website\"},\"datePublished\":\"2020-08-04T00:21:48+00:00\",\"dateModified\":\"2026-03-24T04:31:39+00:00\",\"breadcrumb\":{\"@id\":\"https:\/\/vienovo.com.vn\/vi\/lien-he\/#breadcrumb\"},\"inLanguage\":\"vi-VN\",\"potentialAction\":[{\"@type\":\"ReadAction\",\"target\":[\"https:\/\/vienovo.com.vn\/vi\/lien-he\/\"]}]},{\"@type\":\"BreadcrumbList\",\"@id\":\"https:\/\/vienovo.com.vn\/vi\/lien-he\/#breadcrumb\",\"itemListElement\":[{\"@type\":\"ListItem\",\"position\":1,\"name\":\"Home\",\"item\":\"https:\/\/vienovo.com.vn\/vi\/\"},{\"@type\":\"ListItem\",\"position\":2,\"name\":\"Li\u00ean h\u1ec7\"}]},{\"@type\":\"WebSite\",\"@id\":\"https:\/\/vienovo.com.vn\/#website\",\"url\":\"https:\/\/vienovo.com.vn\/\",\"name\":\"Vienovo Vietnam Inc\",\"description\":\"Vienovo Feed for Life\",\"potentialAction\":[{\"@type\":\"SearchAction\",\"target\":{\"@type\":\"EntryPoint\",\"urlTemplate\":\"https:\/\/vienovo.com.vn\/?s={search_term_string}\"},\"query-input\":{\"@type\":\"PropertyValueSpecification\",\"valueRequired\":true,\"valueName\":\"search_term_string\"}}],\"inLanguage\":\"vi-VN\"}]}<\/script>\n<!-- \/ Yoast SEO plugin. -->","yoast_head_json":{"title":"Li\u00ean h\u1ec7 - Vienovo Vietnam Inc","robots":{"index":"index","follow":"follow","max-snippet":"max-snippet:-1","max-image-preview":"max-image-preview:large","max-video-preview":"max-video-preview:-1"},"canonical":"https:\/\/vienovo.com.vn\/vi\/lien-he\/","og_locale":"vi_VN","og_type":"article","og_title":"Li\u00ean h\u1ec7 - Vienovo Vietnam Inc","og_description":"[vc_row css=&#8221;.vc_custom_1559548963532{padding-bottom: 35px !important;}&#8221;][vc_column width=&#8221;7\/12&#8243; css=&#8221;.vc_custom_1530458307049{padding-top: 35px !important;padding-right: 15px !important;padding-bottom: 35px !important;padding-left: 15px !important;background-color: #f5f6f6 !important;}&#8221;][vc_custom_heading text=&#8221;Form li\u00ean h\u1ec7&#8221; use_theme_fonts=&#8221;yes&#8221; el_class=&#8221;text-uppercase text-primary mb-0 strong&#8221;][vc_empty_space height=&#8221;10px&#8221;][\/vc_column][vc_column width=&#8221;5\/12&#8243; el_class=&#8221;contact-info&#8221;][vc_custom_heading text=&#8221;Th\u00f4ng tin li\u00ean h\u1ec7&#8221; use_theme_fonts=&#8221;yes&#8221; el_class=&#8221;text-uppercase text-primary mb-0 strong&#8221;][vc_column_text el_class=&#8221;mb-1&#8243;]M\u1ecdi th\u1eafc m\u1eafc vui l\u00f2ng li\u00ean h\u1ec7 v\u1edbi ch\u00fang t\u00f4i theo th\u00f4ng tin sau:[\/vc_column_text][vc_empty_space height=&#8221;10px&#8221;][\/vc_column][\/vc_row][vc_row full_width=&#8221;stretch_row_content_no_spaces&#8221;][vc_column][vc_gmaps link=&#8221;#E-8_JTNDaWZyYW1lJTIwc3JjJTNEJTIyaHR0cHMlM0ElMkYlMkZ3d3cuZ29vZ2xlLmNvbSUyRm1hcHMlMkZlbWJlZCUzRnBiJTNEJTIxMW0xOCUyMTFtMTIlMjExbTMlMjExZDE1NzExLjg1ODA0MjMwNzU4JTIxMmQxMDUuNzAzMTI2NDIzOTc1NzYlMjEzZDEwLjEwMTk5MDc4NDQ5OTUyMiUyMTJtMyUyMTFmMCUyMTJmMCUyMTNmMCUyMTNtMiUyMTFpMTAyNCUyMTJpNzY4JTIxNGYxMy4xJTIxM20zJTIxMW0yJTIxMXMweDMxYTA4N2I0OTdkZjI5NmQlMjUzQTB4MTgzNTM0ODcwNzdmZDhjMiUyMTJ6UThPVVRrY2dWRmtnUS1HN2xDQlFTT0c2cGs0Z1ZrbEZUazlXVHlCV1NVVlVUa0ZOTENCTXc3UWdjLUc3a1NBeUxDREVrY2F3NGJ1ZGJtY2dkSExodTZWaklHTm93NjF1YUN3Z1MwTk9JRlJ5dzZBZ1RzT3pZeUF4TENCUWFNYXc0YnVkYm1jZ1ZITERvQ0JPdzdOaklGRjE0YnF0YmlCQ3c2eHVhQ0JVYU9HN3Aza3NJRlJvdzZCdWFDQlFhT0c3a1NCRDRicW5iaUJVYU1haElFUGh1cWR1SUZSb3hxRWdRMkZ1SUZSb2J5QkRhWFI1TENCVWNzT2dJRTdEczJNc0lFTERyRzVvSUZSbzRidW5lU3dnUS1HNnAyNGdWR2pHb1N3Z1Ztbmh1NGQwSUU1aGJRJTIxNWUwJTIxM20yJTIxMXN2aSUyMTJzJTIxNHYxNjcwMjI5OTgyMTc0JTIxNW0yJTIxMXN2aSUyMTJzJTIyJTIwd2lkdGglM0QlMjI2MDAlMjIlMjBoZWlnaHQlM0QlMjI0NTAlMjIlMjBzdHlsZSUzRCUyMmJvcmRlciUzQTAlM0IlMjIlMjBhbGxvd2Z1bGxzY3JlZW4lM0QlMjIlMjIlMjBsb2FkaW5nJTNEJTIybGF6eSUyMiUyMHJlZmVycmVycG9saWN5JTNEJTIybm8tcmVmZXJyZXItd2hlbi1kb3duZ3JhZGUlMjIlM0UlM0MlMkZpZnJhbWUlM0U=&#8221;][\/vc_column][\/vc_row]","og_url":"https:\/\/vienovo.com.vn\/vi\/lien-he\/","og_site_name":"Vienovo Vietnam Inc","article_modified_time":"2026-03-24T04:31:39+00:00","twitter_card":"summary_large_image","twitter_misc":{"Est. reading time":"1 minute"},"schema":{"@context":"https:\/\/schema.org","@graph":[{"@type":"WebPage","@id":"https:\/\/vienovo.com.vn\/vi\/lien-he\/","url":"https:\/\/vienovo.com.vn\/vi\/lien-he\/","name":"Li\u00ean h\u1ec7 - Vienovo Vietnam Inc","isPartOf":{"@id":"https:\/\/vienovo.com.vn\/#website"},"datePublished":"2020-08-04T00:21:48+00:00","dateModified":"2026-03-24T04:31:39+00:00","breadcrumb":{"@id":"https:\/\/vienovo.com.vn\/vi\/lien-he\/#breadcrumb"},"inLanguage":"vi-VN","potentialAction":[{"@type":"ReadAction","target":["https:\/\/vienovo.com.vn\/vi\/lien-he\/"]}]},{"@type":"BreadcrumbList","@id":"https:\/\/vienovo.com.vn\/vi\/lien-he\/#breadcrumb","itemListElement":[{"@type":"ListItem","position":1,"name":"Home","item":"https:\/\/vienovo.com.vn\/vi\/"},{"@type":"ListItem","position":2,"name":"Li\u00ean h\u1ec7"}]},{"@type":"WebSite","@id":"https:\/\/vienovo.com.vn\/#website","url":"https:\/\/vienovo.com.vn\/","name":"Vienovo Vietnam Inc","description":"Vienovo Feed for Life","potentialAction":[{"@type":"SearchAction","target":{"@type":"EntryPoint","urlTemplate":"https:\/\/vienovo.com.vn\/?s={search_term_string}"},"query-input":{"@type":"PropertyValueSpecification","valueRequired":true,"valueName":"search_term_string"}}],"inLanguage":"vi-VN"}]}},"_links":{"self":[{"href":"https:\/\/vienovo.com.vn\/vi\/wp-json\/wp\/v2\/pages\/456","targetHints":{"allow":["GET"]}}],"collection":[{"href":"https:\/\/vienovo.com.vn\/vi\/wp-json\/wp\/v2\/pages"}],"about":[{"href":"https:\/\/vienovo.com.vn\/vi\/wp-json\/wp\/v2\/types\/page"}],"author":[{"embeddable":true,"href":"https:\/\/vienovo.com.vn\/vi\/wp-json\/wp\/v2\/users\/1"}],"replies":[{"embeddable":true,"href":"https:\/\/vienovo.com.vn\/vi\/wp-json\/wp\/v2\/comments?post=456"}],"version-history":[{"count":8,"href":"https:\/\/vienovo.com.vn\/vi\/wp-json\/wp\/v2\/pages\/456\/revisions"}],"predecessor-version":[{"id":683,"href":"https:\/\/vienovo.com.vn\/vi\/wp-json\/wp\/v2\/pages\/456\/revisions\/683"}],"wp:attachment":[{"href":"https:\/\/vienovo.com.vn\/vi\/wp-json\/wp\/v2\/media?parent=456"}],"curies":[{"name":"wp","href":"https:\/\/api.w.org\/{rel}","templated":true}]}}