{"id":461,"date":"2020-08-04T07:22:18","date_gmt":"2020-08-04T00:22:18","guid":{"rendered":"https:\/\/vienovo.southteam.co\/?page_id=461"},"modified":"2023-02-09T10:25:36","modified_gmt":"2023-02-09T03:25:36","slug":"gioi-thieu","status":"publish","type":"page","link":"https:\/\/vienovo.com.vn\/vi\/gioi-thieu\/","title":{"rendered":"Gi\u1edbi thi\u1ec7u"},"content":{"rendered":"<div class=\"wpb-content-wrapper\"><p>[vc_row full_width=&#8221;stretch_row&#8221; el_class=&#8221;banner-abus&#8221; css=&#8221;.vc_custom_1675913150514{background-image: url(http:\/\/vienovo.com.vn\/wp-content\/uploads\/2022\/11\/home_bg_2.jpg?id=268) !important;}&#8221;][vc_column][vc_custom_heading text=&#8221;Ch\u00fang t\u00f4i l\u00e0m vi\u1ec7c ch\u0103m ch\u1ec9 \u0111\u1ec3 cung c\u1ea5p cho b\u1ea1n ngu\u1ed3n nguy\u00ean li\u1ec7u ch\u1ea5t l\u01b0\u1ee3ng nh\u1ea5t&#8221; font_container=&#8221;tag:h2|text_align:center&#8221; use_theme_fonts=&#8221;yes&#8221; el_class=&#8221;title-abus&#8221;][vc_separator color=&#8221;custom&#8221; border_width=&#8221;6&#8243; accent_color=&#8221;#94c93d&#8221; el_class=&#8221;sep-abus&#8221;][vc_column_text el_class=&#8221;desc-abus&#8221;]\u201cGi\u00e1 tr\u1ecb th\u01b0\u01a1ng hi\u1ec7u m\u1ea1nh v\u00e0 c\u00e1c d\u1ecbch v\u1ee5 \u0111\u00e1ng tin c\u1eady c\u1ee7a\u00a0VIENOVO\u00a0\u0111\u1ebfn t\u1eeb b\u00ed quy\u1ebft tuy\u1ec7t v\u1eddi th\u00f4ng qua \u0111\u1ed9i ng\u0169 t\u1eadn t\u00e2m c\u1ee7a ch\u00fang t\u00f4i.\u201d[\/vc_column_text][\/vc_column][\/vc_row][vc_row css=&#8221;.vc_custom_1669799358046{padding-top: 3vw !important;}&#8221;][vc_column width=&#8221;1\/2&#8243;][vc_custom_heading text=&#8221;V\u1ec1 ch\u00fang t\u00f4i&#8221; use_theme_fonts=&#8221;yes&#8221; el_class=&#8221;main-title-2&#8243;][vc_empty_space height=&#8221;30px&#8221;][vc_column_text el_class=&#8221;wrap-desc-abus&#8221;]Vienovo l\u00e0 m\u1ed9t c\u00f4ng ty S\u1ea3n xu\u1ea5t Th\u1ee9c \u0103n ch\u0103n nu\u00f4i \u0111ang ph\u00e1t tri\u1ec3n nhanh ch\u00f3ng v\u1edbi \u0111\u1ed9i ng\u0169 giao h\u00e0ng tr\u00ean to\u00e0n qu\u1ed1c. Ch\u00fang t\u00f4i t\u1eadp trung v\u00e0o s\u1ea3n xu\u1ea5t th\u1ee9c \u0103n ch\u0103n nu\u00f4i c\u00f3 gi\u00e1 tr\u1ecb cao, t\u1eeb th\u1ee9c \u0103n h\u1ed7n h\u1ee3p \u0111\u1ebfn th\u1ee9c \u0103n \u0111\u1eadm \u0111\u1eb7c.[\/vc_column_text][\/vc_column][vc_column width=&#8221;1\/2&#8243;][vc_row_inner][vc_column_inner width=&#8221;1\/2&#8243;][vc_single_image image=&#8221;449&#8243; img_size=&#8221;full&#8221;][\/vc_column_inner][vc_column_inner width=&#8221;1\/2&#8243;][vc_single_image image=&#8221;451&#8243; img_size=&#8221;full&#8221;][\/vc_column_inner][\/vc_row_inner][vc_row_inner][vc_column_inner width=&#8221;1\/2&#8243;][vc_single_image image=&#8221;448&#8243; img_size=&#8221;full&#8221;][\/vc_column_inner][vc_column_inner width=&#8221;1\/2&#8243;][vc_single_image image=&#8221;447&#8243; img_size=&#8221;full&#8221;][\/vc_column_inner][\/vc_row_inner][vc_row_inner][vc_column_inner width=&#8221;1\/2&#8243;][vc_single_image image=&#8221;452&#8243; img_size=&#8221;full&#8221;][vc_single_image image=&#8221;446&#8243; img_size=&#8221;full&#8221;][\/vc_column_inner][vc_column_inner width=&#8221;1\/2&#8243;][vc_single_image image=&#8221;450&#8243; img_size=&#8221;full&#8221;][\/vc_column_inner][\/vc_row_inner][\/vc_column][\/vc_row][vc_row][vc_column][vc_custom_heading text=&#8221;T\u1ea7m Nh\u00ecn v\u00e0 S\u1ee9 M\u1ec7nh&#8221; font_container=&#8221;tag:h2|font_size:3em|text_align:center|color:%233a3a3a|line_height:1.2&#8243; use_theme_fonts=&#8221;yes&#8221; el_class=&#8221;font-weight-bold&#8221;][vc_column_text el_class=&#8221;wrap-msvl&#8221;]<\/p>\n<p style=\"text-align: center;\">M\u1ee5c ti\u00eau c\u1ee7a Vienovo l\u00e0 cung c\u1ea5p chuy\u00ean m\u00f4n khoa h\u1ecdc v\u00e0 c\u00f4ng ngh\u1ec7 ti\u1ebfn b\u1ed9.<\/p>\n<p style=\"text-align: center;\">Cu\u1ed1i c\u00f9ng l\u00e0 c\u1ea3i thi\u1ec7n c\u00e1ch ch\u00fang ta nu\u00f4i s\u1ed1ng v\u1eadt nu\u00f4i.<\/p>\n<p>[\/vc_column_text][vc_empty_space height=&#8221;80px&#8221;][vc_separator color=&#8221;custom&#8221; border_width=&#8221;6&#8243; accent_color=&#8221;#94c93d&#8221; el_class=&#8221;sep-abus&#8221;][vc_empty_space height=&#8221;80px&#8221;][vc_custom_heading text=&#8221;Ch\u00eca Kh\u00f3a D\u1eabn \u0110\u1ebfn Th\u00e0nh C\u00f4ng&#8221; font_container=&#8221;tag:h2|font_size:3em|text_align:center|color:%233a3a3a|line_height:1.2&#8243; use_theme_fonts=&#8221;yes&#8221; el_class=&#8221;font-weight-bold&#8221;][vc_column_text el_class=&#8221;wrap-msvl&#8221;]<\/p>\n<p style=\"text-align: center;\">S\u1eed d\u1ee5ng c\u00f4ng th\u1ee9c c\u1ee7a Ch\u00e2u \u00c2u v\u00ec c\u00f4ng ngh\u1ec7 c\u1ee7a ch\u00fang t\u00f4i kh\u00f4ng ng\u1eebng ph\u00e1t tri\u1ec3n v\u00e0 c\u1ea3i thi\u1ec7n s\u1ef1 \u0111\u1ed5i m\u1edbi kh\u00f4ng ch\u1ec9 ri\u00eang t\u1ea1i Vi\u1ec7t Nam v\u00e0 c\u1ea3 Ch\u00e2u \u00c1.<\/p>\n<p>[\/vc_column_text][vc_empty_space height=&#8221;80px&#8221;][\/vc_column][\/vc_row][vc_row full_width=&#8221;stretch_row&#8221; parallax=&#8221;content-moving&#8221; parallax_image=&#8221;271&#8243;][vc_column][vc_empty_space height=&#8221;75px&#8221;][vc_custom_heading text=&#8221;D\u1ecbch V\u1ee5 C\u1ee7a Ch\u00fang T\u00f4i&#8221; font_container=&#8221;tag:h2|text_align:left|color:%23ffffff&#8221; use_theme_fonts=&#8221;yes&#8221; el_class=&#8221;main-title-2&#8243;][vc_empty_space height=&#8221;80px&#8221;][vc_row_inner][vc_column_inner width=&#8221;1\/2&#8243;][vc_single_image image=&#8221;366&#8243; img_size=&#8221;full&#8221; alignment=&#8221;center&#8221;][\/vc_column_inner][vc_column_inner width=&#8221;1\/2&#8243;]<div class=\"custom-services\">\n\t\t<div class=\"item-cus-service\">\n\t\t<div class=\"number-ser\">\n\t\t\t<div class=\"num\">\n\t\t\t\t1\t\t\t<\/div>\n\t\t<\/div>\n\t\t<div class=\"content\">\n\t\t\t<h2>C\u00d4NG TH\u1ee8C & T\u1ed0I \u01afU H\u00d3A<\/h2>\n\t\t\t<div class=\"desc\">Ch\u00fang t\u00f4i cung c\u1ea5p c\u00e1c gi\u1ea3i ph\u00e1p t\u00f9y ch\u1ec9nh d\u1ef1a tr\u00ean nhu c\u1ea7u trang tr\u1ea1i c\u1ee7a b\u1ea1n. Bao g\u1ed3m c\u00f4ng th\u1ee9c chuy\u00ean bi\u1ec7t v\u00e0 t\u1ed1i \u01b0u h\u00f3a dinh d\u01b0\u1ee1ng cho \u0111\u1ed9ng v\u1eadt c\u1ee7a b\u1ea1n.<\/div>\n\t\t<\/div>\n\t<\/div>\n\t\t<div class=\"item-cus-service\">\n\t\t<div class=\"number-ser\">\n\t\t\t<div class=\"num\">\n\t\t\t\t2\t\t\t<\/div>\n\t\t<\/div>\n\t\t<div class=\"content\">\n\t\t\t<h2>KI\u1ec2M SO\u00c1T CH\u1ea4T L\u01af\u1ee2NG \/ PH\u00d2NG TH\u1eec NGHI\u1ec6M<\/h2>\n\t\t\t<div class=\"desc\">Ch\u00fang t\u00f4i \u0111\u1ea3m b\u1ea3o r\u1eb1ng t\u1ea5t c\u1ea3 c\u00e1c s\u1ea3n ph\u1ea9m \u0111\u1ec1u \u0111\u01b0\u1ee3c ki\u1ec3m tra nghi\u00eam ng\u1eb7t, t\u1ea5t c\u1ea3 \u0111\u1ec1u c\u00f3 s\u1ef1 c\u00e2n b\u1eb1ng dinh d\u01b0\u1ee1ng v\u00e0 \u0111\u1ed9 \u1ed5n \u0111\u1ecbnh cao.<\/div>\n\t\t<\/div>\n\t<\/div>\n\t\t<div class=\"item-cus-service\">\n\t\t<div class=\"number-ser\">\n\t\t\t<div class=\"num\">\n\t\t\t\t3\t\t\t<\/div>\n\t\t<\/div>\n\t\t<div class=\"content\">\n\t\t\t<h2>GI\u00c1M S\u00c1T QU\u1ea2N L\u00dd TRANG TR\u1ea0I<\/h2>\n\t\t\t<div class=\"desc\">Ch\u00fang t\u00f4i c\u00f3 c\u00e1c chuy\u00ean gia v\u00e0 K\u1ef9 thu\u1eadt vi\u00ean trang tr\u1ea1i s\u1eb5n s\u00e0ng gi\u00fap b\u1ea1n ki\u1ec3m tra, c\u1ea3i thi\u1ec7n, t\u1ed1i \u01b0u h\u00f3a ho\u1ea1t \u0111\u1ed9ng kinh doanh n\u00f4ng nghi\u1ec7p c\u1ee7a m\u00ecnh.<\/div>\n\t\t<\/div>\n\t<\/div>\n\t\t<div class=\"item-cus-service\">\n\t\t<div class=\"number-ser\">\n\t\t\t<div class=\"num\">\n\t\t\t\t4\t\t\t<\/div>\n\t\t<\/div>\n\t\t<div class=\"content\">\n\t\t\t<h2>H\u1ed6 TR\u1ee2 C\u00d4NG NGHI\u1ec6P<\/h2>\n\t\t\t<div class=\"desc\">V\u1edbi b\u1ea1n, nh\u01b0 th\u1ebf n\u00e0o l\u00e0 hi\u1ec7u qu\u1ea3? \u0110\u1ed9i ng\u0169 chuy\u00ean gia c\u1ee7a ch\u00fang t\u00f4i s\u1ebd gi\u00fap b\u1ea1n t\u1ed1i \u01b0u h\u00f3a hi\u1ec7u su\u1ea5t k\u1ef9 thu\u1eadt v\u00e0 gi\u1ea3m thi\u1ec3u chi ph\u00ed s\u1ea3n xu\u1ea5t.<\/div>\n\t\t<\/div>\n\t<\/div>\n\t<\/div>\n[\/vc_column_inner][\/vc_row_inner][vc_empty_space height=&#8221;100px&#8221;][\/vc_column][\/vc_row][vc_row full_width=&#8221;stretch_row_content_no_spaces&#8221; css=&#8221;.vc_custom_1668055027088{background-color: #004f6e !important;}&#8221;][vc_column][vc_empty_space height=&#8221;75px&#8221;][vc_custom_heading text=&#8221;Con Ng\u01b0\u1eddi Ch\u00fang T\u00f4i&#8221; font_container=&#8221;tag:h2|text_align:left|color:%23ffffff&#8221; use_theme_fonts=&#8221;yes&#8221; el_class=&#8221;main-title-2&#8243;][vc_empty_space height=&#8221;30px&#8221;][vc_row_inner][vc_column_inner width=&#8221;5\/12&#8243;][vc_column_text el_class=&#8221;wrap-desc-abus text-white&#8221;]\u0110\u1ed9i ng\u0169 c\u1ee7a Vienovo l\u00e0 m\u1ed9t \u0111\u1ed9i ng\u0169 l\u00e0m vi\u1ec7c ch\u1eb7t ch\u1ebd g\u1ed3m c\u00e1c chuy\u00ean gia s\u00e1ng t\u1ea1o, ch\u1ee7 \u0111\u1ed9ng v\u00e0 \u0111am m\u00ea, nh\u1eefng ng\u01b0\u1eddi xu\u1ea5t s\u1eafc trong l\u0129nh v\u1ef1c chuy\u00ean m\u00f4n m\u00e0 h\u1ecd \u0111\u1ea3m nh\u1eadn.[\/vc_column_text][vc_single_image image=&#8221;444&#8243; img_size=&#8221;full&#8221; alignment=&#8221;center&#8221;][\/vc_column_inner][vc_column_inner width=&#8221;7\/12&#8243;]<div class=\"people-wrapper\">\n\t\t\t\t<article class=\"item-people\">\n\t\t\t<figure class=\"image-box\">\n\t\t\t\t<img loading=\"lazy\" decoding=\"async\" width=\"300\" height=\"300\" src=\"https:\/\/vienovo.com.vn\/wp-content\/uploads\/2022\/11\/icon-3.png\" class=\"attachment-full size-full\" alt=\"\" srcset=\"https:\/\/vienovo.com.vn\/wp-content\/uploads\/2022\/11\/icon-3.png 300w, https:\/\/vienovo.com.vn\/wp-content\/uploads\/2022\/11\/icon-3-150x150.png 150w\" sizes=\"auto, (max-width: 300px) 100vw, 300px\" \/>\t\t\t<\/figure>\n\t\t\t<div class=\"info-box\">\n\t\t\t\t<h3>Cam K\u1ebft Xu\u1ea5t S\u1eafc<\/h3>\n\t\t\t\t<p class=\"designation mb-0\"><\/p>\n\t\t\t<\/div>\n\t\t\t<div class=\"slide-text\">\n\t\t\t\t<p> Ch\u00fang t\u00f4i \u0111\u00f2i h\u1ecfi \u1edf b\u1ea3n th\u00e2n h\u01a1n c\u1ea3 s\u1ef1 tr\u00f4ng \u0111\u1ee3i c\u1ee7a kh\u00e1ch h\u00e0ng. Ch\u00fang t\u00f4i s\u1ebd li\u00ean t\u1ee5c t\u1ea1o ra nh\u1eefng ph\u01b0\u01a1ng th\u1ee9c t\u1ed1t h\u01a1n \u0111\u1ec3 ho\u00e0n thi\u1ec7n nhi\u1ec7m v\u1ee5.<\/p>\n\t\t\t<\/div>\n\t\t<\/article>\n\t\t\t\t<article class=\"item-people\">\n\t\t\t<figure class=\"image-box\">\n\t\t\t\t<img loading=\"lazy\" decoding=\"async\" width=\"300\" height=\"300\" src=\"https:\/\/vienovo.com.vn\/wp-content\/uploads\/2022\/11\/icon-2.png\" class=\"attachment-full size-full\" alt=\"\" srcset=\"https:\/\/vienovo.com.vn\/wp-content\/uploads\/2022\/11\/icon-2.png 300w, https:\/\/vienovo.com.vn\/wp-content\/uploads\/2022\/11\/icon-2-150x150.png 150w\" sizes=\"auto, (max-width: 300px) 100vw, 300px\" \/>\t\t\t<\/figure>\n\t\t\t<div class=\"info-box\">\n\t\t\t\t<h3>S\u00e1ng T\u1ea1o<\/h3>\n\t\t\t\t<p class=\"designation mb-0\"><\/p>\n\t\t\t<\/div>\n\t\t\t<div class=\"slide-text\">\n\t\t\t\t<p> Vienovo \u0111\u01b0\u1ee3c x\u00e2y d\u1ef1ng d\u1ef1a tr\u00ean s\u1ef1 \u0111\u1ed5i m\u1edbi; t\u1eeb c\u00e1c s\u1ea3n ph\u1ea9m s\u00e1ng t\u1ea1o \u0111\u1ebfn v\u0103n h\u00f3a bi\u1ebfn \u00fd t\u01b0\u1edfng th\u00e0nh hi\u1ec7n th\u1ef1c.<\/p>\n\t\t\t<\/div>\n\t\t<\/article>\n\t\t\t\t<article class=\"item-people\">\n\t\t\t<figure class=\"image-box\">\n\t\t\t\t<img loading=\"lazy\" decoding=\"async\" width=\"300\" height=\"300\" src=\"https:\/\/vienovo.com.vn\/wp-content\/uploads\/2022\/11\/icon-4.png\" class=\"attachment-full size-full\" alt=\"\" srcset=\"https:\/\/vienovo.com.vn\/wp-content\/uploads\/2022\/11\/icon-4.png 300w, https:\/\/vienovo.com.vn\/wp-content\/uploads\/2022\/11\/icon-4-150x150.png 150w\" sizes=\"auto, (max-width: 300px) 100vw, 300px\" \/>\t\t\t<\/figure>\n\t\t\t<div class=\"info-box\">\n\t\t\t\t<h3>M\u1ee5c Ti\u00eau T\u1ea1o S\u1ef1 Kh\u00e1c Bi\u1ec7t<\/h3>\n\t\t\t\t<p class=\"designation mb-0\"><\/p>\n\t\t\t<\/div>\n\t\t\t<div class=\"slide-text\">\n\t\t\t\t<p> Ch\u00fang t\u00f4i mong mu\u1ed1n t\u1ea1o ra s\u1ef1 kh\u00e1c bi\u1ec7t cho kh\u00e1ch h\u00e0ng v\u00e0 cu\u1ed9c s\u1ed1ng m\u00e0 ch\u00fang t\u00f4i ti\u1ebfp x\u00fac th\u00f4ng qua c\u00e1c s\u1ea3n ph\u1ea9m c\u1ee7a m\u00ecnh.<\/p>\n\t\t\t<\/div>\n\t\t<\/article>\n\t\t\t\t<article class=\"item-people\">\n\t\t\t<figure class=\"image-box\">\n\t\t\t\t<img loading=\"lazy\" decoding=\"async\" width=\"300\" height=\"300\" src=\"https:\/\/vienovo.com.vn\/wp-content\/uploads\/2022\/11\/icon-1.png\" class=\"attachment-full size-full\" alt=\"\" srcset=\"https:\/\/vienovo.com.vn\/wp-content\/uploads\/2022\/11\/icon-1.png 300w, https:\/\/vienovo.com.vn\/wp-content\/uploads\/2022\/11\/icon-1-150x150.png 150w\" sizes=\"auto, (max-width: 300px) 100vw, 300px\" \/>\t\t\t<\/figure>\n\t\t\t<div class=\"info-box\">\n\t\t\t\t<h3>\u0110\u00e1ng Tin C\u1eady<\/h3>\n\t\t\t\t<p class=\"designation mb-0\"><\/p>\n\t\t\t<\/div>\n\t\t\t<div class=\"slide-text\">\n\t\t\t\t<p> H\u00e0nh \u0111\u1ed9ng nh\u1ea5t qu\u00e1n h\u01a1n.<\/p>\n\t\t\t<\/div>\n\t\t<\/article>\n\t\t<\/div>\n[\/vc_column_inner][\/vc_row_inner][\/vc_column][\/vc_row]<\/p>\n<\/div>","protected":false},"excerpt":{"rendered":"<p>[vc_row full_width=&#8221;stretch_row&#8221; el_class=&#8221;banner-abus&#8221; css=&#8221;.vc_custom_1675913150514{background-image: url(http:\/\/vienovo.com.vn\/wp-content\/uploads\/2022\/11\/home_bg_2.jpg?id=268) !important;}&#8221;][vc_column][vc_custom_heading text=&#8221;Ch\u00fang t\u00f4i l\u00e0m vi\u1ec7c ch\u0103m ch\u1ec9 \u0111\u1ec3 cung c\u1ea5p cho b\u1ea1n ngu\u1ed3n nguy\u00ean li\u1ec7u ch\u1ea5t l\u01b0\u1ee3ng nh\u1ea5t&#8221; font_container=&#8221;tag:h2|text_align:center&#8221; use_theme_fonts=&#8221;yes&#8221; el_class=&#8221;title-abus&#8221;][vc_separator color=&#8221;custom&#8221; border_width=&#8221;6&#8243; accent_color=&#8221;#94c93d&#8221; el_class=&#8221;sep-abus&#8221;][vc_column_text el_class=&#8221;desc-abus&#8221;]\u201cGi\u00e1 tr\u1ecb th\u01b0\u01a1ng hi\u1ec7u m\u1ea1nh v\u00e0 c\u00e1c d\u1ecbch v\u1ee5 \u0111\u00e1ng tin c\u1eady c\u1ee7a\u00a0VIENOVO\u00a0\u0111\u1ebfn t\u1eeb b\u00ed quy\u1ebft tuy\u1ec7t v\u1eddi th\u00f4ng qua \u0111\u1ed9i ng\u0169 t\u1eadn t\u00e2m c\u1ee7a<\/p>\n","protected":false},"author":1,"featured_media":0,"parent":0,"menu_order":0,"comment_status":"closed","ping_status":"closed","template":"page-templates\/fullwidthpage.php","meta":{"_acf_changed":false,"footnotes":""},"class_list":["post-461","page","type-page","status-publish","hentry"],"acf":[],"yoast_head":"<!-- This site is optimized with the Yoast SEO plugin v27.1.1 - https:\/\/yoast.com\/product\/yoast-seo-wordpress\/ -->\n<title>Gi\u1edbi thi\u1ec7u - Vienovo Vietnam Inc<\/title>\n<meta name=\"robots\" content=\"index, follow, max-snippet:-1, max-image-preview:large, max-video-preview:-1\" \/>\n<link rel=\"canonical\" href=\"https:\/\/vienovo.com.vn\/vi\/gioi-thieu\/\" \/>\n<meta property=\"og:locale\" content=\"vi_VN\" \/>\n<meta property=\"og:type\" content=\"article\" \/>\n<meta property=\"og:title\" content=\"Gi\u1edbi thi\u1ec7u - Vienovo Vietnam Inc\" \/>\n<meta property=\"og:description\" content=\"[vc_row full_width=&#8221;stretch_row&#8221; el_class=&#8221;banner-abus&#8221; css=&#8221;.vc_custom_1675913150514{background-image: url(http:\/\/vienovo.com.vn\/wp-content\/uploads\/2022\/11\/home_bg_2.jpg?id=268) !important;}&#8221;][vc_column][vc_custom_heading text=&#8221;Ch\u00fang t\u00f4i l\u00e0m vi\u1ec7c ch\u0103m ch\u1ec9 \u0111\u1ec3 cung c\u1ea5p cho b\u1ea1n ngu\u1ed3n nguy\u00ean li\u1ec7u ch\u1ea5t l\u01b0\u1ee3ng nh\u1ea5t&#8221; font_container=&#8221;tag:h2|text_align:center&#8221; use_theme_fonts=&#8221;yes&#8221; el_class=&#8221;title-abus&#8221;][vc_separator color=&#8221;custom&#8221; border_width=&#8221;6&#8243; accent_color=&#8221;#94c93d&#8221; el_class=&#8221;sep-abus&#8221;][vc_column_text el_class=&#8221;desc-abus&#8221;]\u201cGi\u00e1 tr\u1ecb th\u01b0\u01a1ng hi\u1ec7u m\u1ea1nh v\u00e0 c\u00e1c d\u1ecbch v\u1ee5 \u0111\u00e1ng tin c\u1eady c\u1ee7a\u00a0VIENOVO\u00a0\u0111\u1ebfn t\u1eeb b\u00ed quy\u1ebft tuy\u1ec7t v\u1eddi th\u00f4ng qua \u0111\u1ed9i ng\u0169 t\u1eadn t\u00e2m c\u1ee7a\" \/>\n<meta property=\"og:url\" content=\"https:\/\/vienovo.com.vn\/vi\/gioi-thieu\/\" \/>\n<meta property=\"og:site_name\" content=\"Vienovo Vietnam Inc\" \/>\n<meta property=\"article:modified_time\" content=\"2023-02-09T03:25:36+00:00\" \/>\n<meta name=\"twitter:card\" content=\"summary_large_image\" \/>\n<meta name=\"twitter:label1\" content=\"Est. reading time\" \/>\n\t<meta name=\"twitter:data1\" content=\"2 minutes\" \/>\n<script type=\"application\/ld+json\" class=\"yoast-schema-graph\">{\"@context\":\"https:\/\/schema.org\",\"@graph\":[{\"@type\":\"WebPage\",\"@id\":\"https:\/\/vienovo.com.vn\/vi\/gioi-thieu\/\",\"url\":\"https:\/\/vienovo.com.vn\/vi\/gioi-thieu\/\",\"name\":\"Gi\u1edbi thi\u1ec7u - Vienovo Vietnam Inc\",\"isPartOf\":{\"@id\":\"https:\/\/vienovo.com.vn\/#website\"},\"datePublished\":\"2020-08-04T00:22:18+00:00\",\"dateModified\":\"2023-02-09T03:25:36+00:00\",\"breadcrumb\":{\"@id\":\"https:\/\/vienovo.com.vn\/vi\/gioi-thieu\/#breadcrumb\"},\"inLanguage\":\"vi-VN\",\"potentialAction\":[{\"@type\":\"ReadAction\",\"target\":[\"https:\/\/vienovo.com.vn\/vi\/gioi-thieu\/\"]}]},{\"@type\":\"BreadcrumbList\",\"@id\":\"https:\/\/vienovo.com.vn\/vi\/gioi-thieu\/#breadcrumb\",\"itemListElement\":[{\"@type\":\"ListItem\",\"position\":1,\"name\":\"Home\",\"item\":\"https:\/\/vienovo.com.vn\/vi\/\"},{\"@type\":\"ListItem\",\"position\":2,\"name\":\"Gi\u1edbi thi\u1ec7u\"}]},{\"@type\":\"WebSite\",\"@id\":\"https:\/\/vienovo.com.vn\/#website\",\"url\":\"https:\/\/vienovo.com.vn\/\",\"name\":\"Vienovo Vietnam Inc\",\"description\":\"Vienovo Feed for Life\",\"potentialAction\":[{\"@type\":\"SearchAction\",\"target\":{\"@type\":\"EntryPoint\",\"urlTemplate\":\"https:\/\/vienovo.com.vn\/?s={search_term_string}\"},\"query-input\":{\"@type\":\"PropertyValueSpecification\",\"valueRequired\":true,\"valueName\":\"search_term_string\"}}],\"inLanguage\":\"vi-VN\"}]}<\/script>\n<!-- \/ Yoast SEO plugin. -->","yoast_head_json":{"title":"Gi\u1edbi thi\u1ec7u - Vienovo Vietnam Inc","robots":{"index":"index","follow":"follow","max-snippet":"max-snippet:-1","max-image-preview":"max-image-preview:large","max-video-preview":"max-video-preview:-1"},"canonical":"https:\/\/vienovo.com.vn\/vi\/gioi-thieu\/","og_locale":"vi_VN","og_type":"article","og_title":"Gi\u1edbi thi\u1ec7u - Vienovo Vietnam Inc","og_description":"[vc_row full_width=&#8221;stretch_row&#8221; el_class=&#8221;banner-abus&#8221; css=&#8221;.vc_custom_1675913150514{background-image: url(http:\/\/vienovo.com.vn\/wp-content\/uploads\/2022\/11\/home_bg_2.jpg?id=268) !important;}&#8221;][vc_column][vc_custom_heading text=&#8221;Ch\u00fang t\u00f4i l\u00e0m vi\u1ec7c ch\u0103m ch\u1ec9 \u0111\u1ec3 cung c\u1ea5p cho b\u1ea1n ngu\u1ed3n nguy\u00ean li\u1ec7u ch\u1ea5t l\u01b0\u1ee3ng nh\u1ea5t&#8221; font_container=&#8221;tag:h2|text_align:center&#8221; use_theme_fonts=&#8221;yes&#8221; el_class=&#8221;title-abus&#8221;][vc_separator color=&#8221;custom&#8221; border_width=&#8221;6&#8243; accent_color=&#8221;#94c93d&#8221; el_class=&#8221;sep-abus&#8221;][vc_column_text el_class=&#8221;desc-abus&#8221;]\u201cGi\u00e1 tr\u1ecb th\u01b0\u01a1ng hi\u1ec7u m\u1ea1nh v\u00e0 c\u00e1c d\u1ecbch v\u1ee5 \u0111\u00e1ng tin c\u1eady c\u1ee7a\u00a0VIENOVO\u00a0\u0111\u1ebfn t\u1eeb b\u00ed quy\u1ebft tuy\u1ec7t v\u1eddi th\u00f4ng qua \u0111\u1ed9i ng\u0169 t\u1eadn t\u00e2m c\u1ee7a","og_url":"https:\/\/vienovo.com.vn\/vi\/gioi-thieu\/","og_site_name":"Vienovo Vietnam Inc","article_modified_time":"2023-02-09T03:25:36+00:00","twitter_card":"summary_large_image","twitter_misc":{"Est. reading time":"2 minutes"},"schema":{"@context":"https:\/\/schema.org","@graph":[{"@type":"WebPage","@id":"https:\/\/vienovo.com.vn\/vi\/gioi-thieu\/","url":"https:\/\/vienovo.com.vn\/vi\/gioi-thieu\/","name":"Gi\u1edbi thi\u1ec7u - Vienovo Vietnam Inc","isPartOf":{"@id":"https:\/\/vienovo.com.vn\/#website"},"datePublished":"2020-08-04T00:22:18+00:00","dateModified":"2023-02-09T03:25:36+00:00","breadcrumb":{"@id":"https:\/\/vienovo.com.vn\/vi\/gioi-thieu\/#breadcrumb"},"inLanguage":"vi-VN","potentialAction":[{"@type":"ReadAction","target":["https:\/\/vienovo.com.vn\/vi\/gioi-thieu\/"]}]},{"@type":"BreadcrumbList","@id":"https:\/\/vienovo.com.vn\/vi\/gioi-thieu\/#breadcrumb","itemListElement":[{"@type":"ListItem","position":1,"name":"Home","item":"https:\/\/vienovo.com.vn\/vi\/"},{"@type":"ListItem","position":2,"name":"Gi\u1edbi thi\u1ec7u"}]},{"@type":"WebSite","@id":"https:\/\/vienovo.com.vn\/#website","url":"https:\/\/vienovo.com.vn\/","name":"Vienovo Vietnam Inc","description":"Vienovo Feed for Life","potentialAction":[{"@type":"SearchAction","target":{"@type":"EntryPoint","urlTemplate":"https:\/\/vienovo.com.vn\/?s={search_term_string}"},"query-input":{"@type":"PropertyValueSpecification","valueRequired":true,"valueName":"search_term_string"}}],"inLanguage":"vi-VN"}]}},"_links":{"self":[{"href":"https:\/\/vienovo.com.vn\/vi\/wp-json\/wp\/v2\/pages\/461","targetHints":{"allow":["GET"]}}],"collection":[{"href":"https:\/\/vienovo.com.vn\/vi\/wp-json\/wp\/v2\/pages"}],"about":[{"href":"https:\/\/vienovo.com.vn\/vi\/wp-json\/wp\/v2\/types\/page"}],"author":[{"embeddable":true,"href":"https:\/\/vienovo.com.vn\/vi\/wp-json\/wp\/v2\/users\/1"}],"replies":[{"embeddable":true,"href":"https:\/\/vienovo.com.vn\/vi\/wp-json\/wp\/v2\/comments?post=461"}],"version-history":[{"count":14,"href":"https:\/\/vienovo.com.vn\/vi\/wp-json\/wp\/v2\/pages\/461\/revisions"}],"predecessor-version":[{"id":605,"href":"https:\/\/vienovo.com.vn\/vi\/wp-json\/wp\/v2\/pages\/461\/revisions\/605"}],"wp:attachment":[{"href":"https:\/\/vienovo.com.vn\/vi\/wp-json\/wp\/v2\/media?parent=461"}],"curies":[{"name":"wp","href":"https:\/\/api.w.org\/{rel}","templated":true}]}}